{"id":8460,"date":"2019-09-30T18:42:55","date_gmt":"2019-09-30T16:42:55","guid":{"rendered":"https:\/\/www.romagastro.com\/?page_id=8460"},"modified":"2020-10-01T15:01:30","modified_gmt":"2020-10-01T13:01:30","slug":"serie-pgi","status":"publish","type":"page","link":"https:\/\/www.romagastro.com\/it\/statische-oefen\/serie-pgi\/","title":{"rendered":"SERIE PGi"},"content":{"rendered":"<div id=\"dslc-theme-content\"><div id=\"dslc-theme-content-inner\"><div class=\"wpb-content-wrapper\"><p>[vc_row row_content_width=&#8221;grid&#8221;][vc_column offset=&#8221;vc_col-lg-6&#8243;][vc_column_text]<\/p>\n<h3><strong><span style=\"color: #b31119;\">Gas- und Holzhybridofen<\/span><\/strong><\/h3>\n<p>[\/vc_column_text][vc_empty_space height=&#8221;2px&#8221;][vc_column_text]<\/p>\n<ul>\n<li>Die PGI \u00d6fen haben einen Hybridbetrieb mit Holz und Gas; sie k\u00f6nnen nur mit Holz oder nur mit Gas oder in Kombiweise: Gas + Holz gleichzeitig verwendet werden.<\/li>\n<li>Der PGI Ofen erzeugt von 200\u00b0 C Selbstverbrennung des Holzes und das vermindert viel die Emissionen von Partikelbestandteilen in Atmosph\u00e4re.<\/li>\n<li>Die PGI \u00d6fen geh\u00f6ren der Familie der statischen \u00d6fen und dank der hohen thermischen Stabilit\u00e4t und der Qualit\u00e4t der feuerfesten Materialien sind sie ideal auch mit intensiver Arbeit und zum Kochen Brot und Gastronomie-Produkte mit der abgel\u00f6schten Flamme.<\/li>\n<li>Die Kochkammer mit elliptischer Form vermindert die Tiefe und erleichtert die Operativit\u00e4t mit gleicher Nutzfl\u00e4che im Vergleich zu den \u00d6fen mit rundem Untergestell.<\/li>\n<li>Die Aschensammlungsschublade erleichtert die Reinigung und verbessert die Holzverbrennung und die Hygienebackbedingungen.<\/li>\n<li>Die Zonen von Holzverbrennung und Gasbrenner sind von Metallfeuerb\u00f6cken getrennt.<\/li>\n<li>Eine gro\u00dfe feuerfeste Masse und die Isolierung werden entworfen, um die Leistung zu steigern und die Betriebskosten und W\u00e4rmeverluste zu verringern.<\/li>\n<li>Doppelablauf: manueller Ablauf \u2013 der Operator w\u00e4hlt die H\u00f6chsttemperatur und stellt die Gasflammenintensit\u00e4t auf manueller Weise ein; automatischer Ablauf: der Ofen reguliert die Flammenintensit\u00e4t gem\u00e4\u00df der eingestellten Temperatur und dem gebrannten Holz, beim Sparen des Verbrauchs und bei der Vereinfachung der Verwendung.<\/li>\n<\/ul>\n<p>[\/vc_column_text][vc_empty_space height=&#8221;42px&#8221;]<a itemprop=\"url\" href=\"https:\/\/www.romagastro.com\/kontakt\" target=\"_self\"  class=\"eltdf-btn eltdf-btn-medium eltdf-btn-solid\"  >\n    <span class=\"eltdf-btn-text\">jetzt anfragen!<\/span>\n    <\/a>[vc_empty_space height=&#8221;42px&#8221;][\/vc_column][vc_column offset=&#8221;vc_col-lg-6&#8243; css=&#8221;.vc_custom_1569861806605{padding-right: 20% !important;padding-left: 20% !important;}&#8221;][vc_empty_space height=&#8221;46px&#8221;][vc_gallery type=&#8221;flexslider_slide&#8221; interval=&#8221;5&#8243; images=&#8221;8461,8462&#8243; img_size=&#8221;800&#215;800&#8243;][\/vc_column][\/vc_row]<\/p>\n<\/div><\/div><\/div>","protected":false},"excerpt":{"rendered":"<p>[vc_row row_content_width=&#8221;grid&#8221;][vc_column offset=&#8221;vc_col-lg-6&#8243;][vc_column_text] Gas- und Holzhybridofen [\/vc_column_text][vc_empty_space height=&#8221;2px&#8221;][vc_column_text] Die PGI \u00d6fen haben einen Hybridbetrieb mit Holz und Gas; sie k\u00f6nnen nur mit Holz oder nur mit Gas oder in Kombiweise: Gas + Holz gleichzeitig verwendet werden. Der PGI Ofen erzeugt von 200\u00b0 C Selbstverbrennung des [&hellip;]<\/p>\n","protected":false},"author":1,"featured_media":0,"parent":7998,"menu_order":0,"comment_status":"closed","ping_status":"closed","template":"full-width.php","meta":{"footnotes":""},"class_list":["post-8460","page","type-page","status-publish","hentry"],"_links":{"self":[{"href":"https:\/\/www.romagastro.com\/it\/wp-json\/wp\/v2\/pages\/8460","targetHints":{"allow":["GET"]}}],"collection":[{"href":"https:\/\/www.romagastro.com\/it\/wp-json\/wp\/v2\/pages"}],"about":[{"href":"https:\/\/www.romagastro.com\/it\/wp-json\/wp\/v2\/types\/page"}],"author":[{"embeddable":true,"href":"https:\/\/www.romagastro.com\/it\/wp-json\/wp\/v2\/users\/1"}],"replies":[{"embeddable":true,"href":"https:\/\/www.romagastro.com\/it\/wp-json\/wp\/v2\/comments?post=8460"}],"version-history":[{"count":1,"href":"https:\/\/www.romagastro.com\/it\/wp-json\/wp\/v2\/pages\/8460\/revisions"}],"predecessor-version":[{"id":9927,"href":"https:\/\/www.romagastro.com\/it\/wp-json\/wp\/v2\/pages\/8460\/revisions\/9927"}],"up":[{"embeddable":true,"href":"https:\/\/www.romagastro.com\/it\/wp-json\/wp\/v2\/pages\/7998"}],"wp:attachment":[{"href":"https:\/\/www.romagastro.com\/it\/wp-json\/wp\/v2\/media?parent=8460"}],"curies":[{"name":"wp","href":"https:\/\/api.w.org\/{rel}","templated":true}]}}