{"id":8486,"date":"2019-09-30T19:04:13","date_gmt":"2019-09-30T17:04:13","guid":{"rendered":"https:\/\/www.romagastro.com\/?page_id=8486"},"modified":"2020-10-01T15:26:03","modified_gmt":"2020-10-01T13:26:03","slug":"serie-pax","status":"publish","type":"page","link":"https:\/\/www.romagastro.com\/it\/statische-oefen\/serie-pax\/","title":{"rendered":"Serie PAX"},"content":{"rendered":"<div id=\"dslc-theme-content\"><div id=\"dslc-theme-content-inner\"><div class=\"wpb-content-wrapper\"><p>[vc_row row_content_width=&#8221;grid&#8221;][vc_column offset=&#8221;vc_col-lg-6&#8243;][vc_column_text]<\/p>\n<h3><strong><span style=\"color: #b31119;\">Feuerbest\u00e4ndiger Ofen in Holz-oder Gasausr\u00fcstung<\/span><\/strong><\/h3>\n<p>[\/vc_column_text][vc_empty_space height=&#8221;2px&#8221;][vc_column_text]<\/p>\n<ul>\n<li>Die PAX \u00d6fen werden entworfen, um die Montageoperationen vor Ort zu erleichtern. Der Basic-Bausatz ist mit der monolithischen Kuppel in Stahlk\u00e4fig und mit Grundfl\u00e4che mit dem feuerfesten Kochfeld ausgestattet, das drin schon montiert ist.<\/li>\n<li>Die PAX \u00d6fen sind in den Holz- oder Gasversionen mit atmosph\u00e4rischem Fackel- oder Bandbrenner in Backkammer verf\u00fcgbar.<\/li>\n<li>Die Serie PAX geh\u00f6rt zu der Familie von statischen \u00d6fen und dank der hohen thermischen Stabilit\u00e4t sind sie ideal auch zum Kochen Brot und Gastronomie-Produkte mit der abgel\u00f6schten Flamme.<\/li>\n<\/ul>\n<p>[\/vc_column_text][vc_empty_space height=&#8221;42px&#8221;]<a itemprop=\"url\" href=\"https:\/\/www.romagastro.com\/wp-content\/uploads\/2019\/10\/Daten-PAX.pdf\" target=\"_blank\" style=\"margin: 0 10px 10px 0\" class=\"eltdf-btn eltdf-btn-medium eltdf-btn-solid eltdf-btn-icon\"  >\n    <span class=\"eltdf-btn-text\">Technische Daten<\/span>\n    <i class=\"eltdf-icon-font-awesome fa fa-file-pdf-o \" ><\/i><\/a><a itemprop=\"url\" href=\"https:\/\/www.romagastro.com\/kontakt\" target=\"_self\"  class=\"eltdf-btn eltdf-btn-medium eltdf-btn-solid\"  >\n    <span class=\"eltdf-btn-text\">jetzt anfragen!<\/span>\n    <\/a>[vc_empty_space height=&#8221;42px&#8221;][\/vc_column][vc_column offset=&#8221;vc_col-lg-6&#8243; css=&#8221;.vc_custom_1569861806605{padding-right: 20% !important;padding-left: 20% !important;}&#8221;][vc_empty_space height=&#8221;46px&#8221;][vc_gallery type=&#8221;flexslider_slide&#8221; interval=&#8221;5&#8243; images=&#8221;8487,8488&#8243; img_size=&#8221;800&#215;800&#8243;][\/vc_column][\/vc_row]<\/p>\n<\/div><\/div><\/div>","protected":false},"excerpt":{"rendered":"<p>[vc_row row_content_width=&#8221;grid&#8221;][vc_column offset=&#8221;vc_col-lg-6&#8243;][vc_column_text] Feuerbest\u00e4ndiger Ofen in Holz-oder Gasausr\u00fcstung [\/vc_column_text][vc_empty_space height=&#8221;2px&#8221;][vc_column_text] Die PAX \u00d6fen werden entworfen, um die Montageoperationen vor Ort zu erleichtern. Der Basic-Bausatz ist mit der monolithischen Kuppel in Stahlk\u00e4fig und mit Grundfl\u00e4che mit dem feuerfesten Kochfeld ausgestattet, das drin schon montiert ist. Die [&hellip;]<\/p>\n","protected":false},"author":1,"featured_media":0,"parent":7998,"menu_order":0,"comment_status":"closed","ping_status":"closed","template":"full-width.php","meta":{"footnotes":""},"class_list":["post-8486","page","type-page","status-publish","hentry"],"_links":{"self":[{"href":"https:\/\/www.romagastro.com\/it\/wp-json\/wp\/v2\/pages\/8486","targetHints":{"allow":["GET"]}}],"collection":[{"href":"https:\/\/www.romagastro.com\/it\/wp-json\/wp\/v2\/pages"}],"about":[{"href":"https:\/\/www.romagastro.com\/it\/wp-json\/wp\/v2\/types\/page"}],"author":[{"embeddable":true,"href":"https:\/\/www.romagastro.com\/it\/wp-json\/wp\/v2\/users\/1"}],"replies":[{"embeddable":true,"href":"https:\/\/www.romagastro.com\/it\/wp-json\/wp\/v2\/comments?post=8486"}],"version-history":[{"count":1,"href":"https:\/\/www.romagastro.com\/it\/wp-json\/wp\/v2\/pages\/8486\/revisions"}],"predecessor-version":[{"id":9932,"href":"https:\/\/www.romagastro.com\/it\/wp-json\/wp\/v2\/pages\/8486\/revisions\/9932"}],"up":[{"embeddable":true,"href":"https:\/\/www.romagastro.com\/it\/wp-json\/wp\/v2\/pages\/7998"}],"wp:attachment":[{"href":"https:\/\/www.romagastro.com\/it\/wp-json\/wp\/v2\/media?parent=8486"}],"curies":[{"name":"wp","href":"https:\/\/api.w.org\/{rel}","templated":true}]}}