{"id":8568,"date":"2019-10-01T18:38:04","date_gmt":"2019-10-01T16:38:04","guid":{"rendered":"https:\/\/www.romagastro.com\/?page_id=8568"},"modified":"2020-10-01T16:17:38","modified_gmt":"2020-10-01T14:17:38","slug":"serie-fmre","status":"publish","type":"page","link":"https:\/\/www.romagastro.com\/it\/dreh-oefen\/serie-fmre\/","title":{"rendered":"Serie FMRe"},"content":{"rendered":"<div id=\"dslc-theme-content\"><div id=\"dslc-theme-content-inner\"><div class=\"wpb-content-wrapper\"><p>[vc_row row_content_width=&#8221;grid&#8221;][vc_column offset=&#8221;vc_col-lg-6&#8243;][vc_column_text]<\/p>\n<h3><strong><span style=\"color: #b31119;\">Holz-Drehofen + elektrisches Kochfeld<\/span><\/strong><\/h3>\n<p>[\/vc_column_text][vc_empty_space height=&#8221;2px&#8221;][vc_column_text]<\/p>\n<ul>\n<li>Die FMR\/E \u00d6fen haben einen Hauptbetrieb mit Holz, mit Hilfssystem von elektrischer Heizung der drehenden Sohle.<\/li>\n<li>Die FMR\/E \u00d6fen geh\u00f6ren der Familie der Dreh-\u00d6fen, wo die Sohle, die gem\u00e4\u00df variabler Geschwindigkeit und variabler Richtung motorisiert wird, verleiht Gleichm\u00e4\u00dfigkeit und vermindert die Kochzeiten.<\/li>\n<li>Heizelemente unter Drehsohle verleihen der Grundfl\u00e4che thermische Stabilit\u00e4t des Ofens, um das Kochprozess zu beschleunigen und Gleichm\u00e4\u00dfigkeit zu gestalten.<\/li>\n<li>Die Zone von Holzverbrennung ist von der Drehsohle durch einen Metallschutz getrennt.<\/li>\n<li>Die Aschensammlungsschublade erleichtert die Reinigung und verbessert die Holzverbrennung und die Hygienebackbedingungen.<\/li>\n<li>Unabh\u00e4ngige Heizung der Sohle mit thermostatischem Betrieb und thermostatischer Kontrolle der Temperatur.<\/li>\n<li>Eine gro\u00dfe feuerfeste Masse und die Isolierung werden entworfen, um die Leistung zu steigern und die Betriebskosten und W\u00e4rmeverluste zu verringern.<\/li>\n<li>Die erzeugte W\u00e4rme f\u00fcr die Heizung der Sohle wird in der Kuppel wiederverwendet beim Sparen des Ofenverbrauchs.<\/li>\n<li>Dank dem Kontrollsystem wird die elektrische Leistung automatisch geregelt beim Vermindern und Steigern der Intensit\u00e4t gem\u00e4\u00df der eingestellten Temperatur, um die Betriebskosten zu verringern und die Verwendung zu erleichtern.<\/li>\n<li>Patentiertes System von Selbstreinigung der Sedimenten um der Drehsohle.<\/li>\n<\/ul>\n<p>[\/vc_column_text][vc_empty_space height=&#8221;42px&#8221;]<a itemprop=\"url\" href=\"https:\/\/www.romagastro.com\/kontakt\" target=\"_self\"  class=\"eltdf-btn eltdf-btn-medium eltdf-btn-solid\"  >\n    <span class=\"eltdf-btn-text\">jetzt anfragen!<\/span>\n    <\/a>[vc_empty_space height=&#8221;42px&#8221;][\/vc_column][vc_column offset=&#8221;vc_col-lg-6&#8243; css=&#8221;.vc_custom_1569861477852{padding-right: 20% !important;padding-left: 20% !important;}&#8221;][vc_empty_space height=&#8221;46px&#8221;][vc_gallery type=&#8221;flexslider_slide&#8221; interval=&#8221;5&#8243; images=&#8221;8569,8570,8571&#8243; img_size=&#8221;800&#215;800&#8243;][\/vc_column][\/vc_row]<\/p>\n<\/div><\/div><\/div>","protected":false},"excerpt":{"rendered":"<p>[vc_row row_content_width=&#8221;grid&#8221;][vc_column offset=&#8221;vc_col-lg-6&#8243;][vc_column_text] Holz-Drehofen + elektrisches Kochfeld [\/vc_column_text][vc_empty_space height=&#8221;2px&#8221;][vc_column_text] Die FMR\/E \u00d6fen haben einen Hauptbetrieb mit Holz, mit Hilfssystem von elektrischer Heizung der drehenden Sohle. Die FMR\/E \u00d6fen geh\u00f6ren der Familie der Dreh-\u00d6fen, wo die Sohle, die gem\u00e4\u00df variabler Geschwindigkeit und variabler Richtung motorisiert wird, [&hellip;]<\/p>\n","protected":false},"author":1,"featured_media":0,"parent":8522,"menu_order":0,"comment_status":"closed","ping_status":"closed","template":"full-width.php","meta":{"footnotes":""},"class_list":["post-8568","page","type-page","status-publish","hentry"],"_links":{"self":[{"href":"https:\/\/www.romagastro.com\/it\/wp-json\/wp\/v2\/pages\/8568","targetHints":{"allow":["GET"]}}],"collection":[{"href":"https:\/\/www.romagastro.com\/it\/wp-json\/wp\/v2\/pages"}],"about":[{"href":"https:\/\/www.romagastro.com\/it\/wp-json\/wp\/v2\/types\/page"}],"author":[{"embeddable":true,"href":"https:\/\/www.romagastro.com\/it\/wp-json\/wp\/v2\/users\/1"}],"replies":[{"embeddable":true,"href":"https:\/\/www.romagastro.com\/it\/wp-json\/wp\/v2\/comments?post=8568"}],"version-history":[{"count":1,"href":"https:\/\/www.romagastro.com\/it\/wp-json\/wp\/v2\/pages\/8568\/revisions"}],"predecessor-version":[{"id":9938,"href":"https:\/\/www.romagastro.com\/it\/wp-json\/wp\/v2\/pages\/8568\/revisions\/9938"}],"up":[{"embeddable":true,"href":"https:\/\/www.romagastro.com\/it\/wp-json\/wp\/v2\/pages\/8522"}],"wp:attachment":[{"href":"https:\/\/www.romagastro.com\/it\/wp-json\/wp\/v2\/media?parent=8568"}],"curies":[{"name":"wp","href":"https:\/\/api.w.org\/{rel}","templated":true}]}}