{"id":8585,"date":"2019-10-01T18:48:28","date_gmt":"2019-10-01T16:48:28","guid":{"rendered":"https:\/\/www.romagastro.com\/?page_id=8585"},"modified":"2020-10-01T16:39:11","modified_gmt":"2020-10-01T14:39:11","slug":"serie-mri","status":"publish","type":"page","link":"https:\/\/www.romagastro.com\/it\/dreh-oefen\/serie-mri\/","title":{"rendered":"Serie MRi"},"content":{"rendered":"<div id=\"dslc-theme-content\"><div id=\"dslc-theme-content-inner\"><div class=\"wpb-content-wrapper\"><p>[vc_row row_content_width=&#8221;grid&#8221;][vc_column offset=&#8221;vc_col-lg-6&#8243;][vc_column_text]<\/p>\n<h3><strong><span style=\"color: #b31119;\">Holz- und Gas-Drehofen + Gasfeld<\/span><\/strong><\/h3>\n<p>[\/vc_column_text][vc_empty_space height=&#8221;2px&#8221;][vc_column_text]<\/p>\n<ul>\n<li>Die MRI \u00d6fen haben einen Hybridbetrieb mit Holz und Gas; sie k\u00f6nnen nur mit Holz oder nur mit Gas oder in Kombiweise: Gas + Holz gleichzeitig verwendet werden.<\/li>\n<li>Der MRI Gas-Ofen erzeugt von 200\u00b0 C Selbstverbrennung des Holzes und das vermindert viel die Emissionen von Partikelbestandteilen in Atmosph\u00e4re.<\/li>\n<li>Die \u00d6fen der Serie MRI sind mit zwei unabh\u00e4ngigen Brennern ausgestattet: ein Brenner f\u00fcr die Heizung der Kuppel und ein Brenner f\u00fcr die Heizung der Drehkochfeldes. Danke der hohen thermischen Stabilit\u00e4t und der unabh\u00e4ngigen Heizung der Sohle k\u00f6nnen sie immer auch bei wiederholtem Kochen in kurzer Zeit ohne die Sohlenk\u00fchlung perfekt kochen.<\/li>\n<li>Die MRI \u00d6fen geh\u00f6ren der Familie der Dreh-\u00d6fen, wo die Sohle, die gem\u00e4\u00df variabler Geschwindigkeit und variabler Richtung motorisiert wird, verleiht Gleichm\u00e4\u00dfigkeit und vermindert die Kochzeiten<\/li>\n<li>Die Gasbrenner in Kochkammer, auf kleiner Flamme, hinter dem Holzfeuer reproduzieren &#8211; soweit m\u00f6glich &#8211; Aspekt und Backmerkmale des Holzfeuers<\/li>\n<li>Die Zone von Holzverbrennung ist von Drehsohle durch einen Metallschutz getrennt, und sie kann mit T\u00fcr links von der \u00d6ffnung des Ofens (Option rechts) erreicht werden<\/li>\n<li>Die Aschensammlungsschublade erleichtert die Reinigung und verbessert die Holzverbrennung und die Hygienebackbedingungen.<\/li>\n<li>Eine gro\u00dfe feuerfeste Masse und die Isolierung werden entworfen, um die Leistung zu steigern und die Betriebskosten und W\u00e4rmeverluste zu verringern.<\/li>\n<li>Doppelablauf: manueller Ablauf \u2013 der Operator w\u00e4hlt die H\u00f6chsttemperatur und stellt die Gasflammenintensit\u00e4t auf manueller Weise durch Flammenmodulator ein; automatischer Ablauf (nur in der Touch Screen Version): dank dem Kontrollsystem reguliert man die Flamme beim Reduzieren und beim Erh\u00f6hen der Intensit\u00e4t gem\u00e4\u00df der eingestellten Temperatur, beim Sparen des Verbrauchs und bei der Vereinfachung der Verwendung.<\/li>\n<\/ul>\n<p>[\/vc_column_text][vc_empty_space height=&#8221;42px&#8221;]<a itemprop=\"url\" href=\"https:\/\/www.romagastro.com\/wp-content\/uploads\/2019\/10\/Daten-MRI.pdf\" target=\"_blank\" style=\"margin: 0 10px 10px 0\" class=\"eltdf-btn eltdf-btn-medium eltdf-btn-solid eltdf-btn-icon\"  >\n    <span class=\"eltdf-btn-text\">Technische Daten<\/span>\n    <i class=\"eltdf-icon-font-awesome fa fa-file-pdf-o \" ><\/i><\/a><a itemprop=\"url\" href=\"https:\/\/www.romagastro.com\/kontakt\" target=\"_self\"  class=\"eltdf-btn eltdf-btn-medium eltdf-btn-solid\"  >\n    <span class=\"eltdf-btn-text\">Jetzt Anfragen!<\/span>\n    <\/a>[vc_empty_space height=&#8221;42px&#8221;][\/vc_column][vc_column offset=&#8221;vc_col-lg-6&#8243; css=&#8221;.vc_custom_1569861477852{padding-right: 20% !important;padding-left: 20% !important;}&#8221;][vc_empty_space height=&#8221;46px&#8221;][vc_gallery type=&#8221;flexslider_slide&#8221; interval=&#8221;5&#8243; images=&#8221;8586,8587&#8243; img_size=&#8221;800&#215;800&#8243;][\/vc_column][\/vc_row]<\/p>\n<\/div><\/div><\/div>","protected":false},"excerpt":{"rendered":"<p>[vc_row row_content_width=&#8221;grid&#8221;][vc_column offset=&#8221;vc_col-lg-6&#8243;][vc_column_text] Holz- und Gas-Drehofen + Gasfeld [\/vc_column_text][vc_empty_space height=&#8221;2px&#8221;][vc_column_text] Die MRI \u00d6fen haben einen Hybridbetrieb mit Holz und Gas; sie k\u00f6nnen nur mit Holz oder nur mit Gas oder in Kombiweise: Gas + Holz gleichzeitig verwendet werden. Der MRI Gas-Ofen erzeugt von 200\u00b0 C [&hellip;]<\/p>\n","protected":false},"author":1,"featured_media":0,"parent":8522,"menu_order":0,"comment_status":"closed","ping_status":"closed","template":"full-width.php","meta":{"footnotes":""},"class_list":["post-8585","page","type-page","status-publish","hentry"],"_links":{"self":[{"href":"https:\/\/www.romagastro.com\/it\/wp-json\/wp\/v2\/pages\/8585","targetHints":{"allow":["GET"]}}],"collection":[{"href":"https:\/\/www.romagastro.com\/it\/wp-json\/wp\/v2\/pages"}],"about":[{"href":"https:\/\/www.romagastro.com\/it\/wp-json\/wp\/v2\/types\/page"}],"author":[{"embeddable":true,"href":"https:\/\/www.romagastro.com\/it\/wp-json\/wp\/v2\/users\/1"}],"replies":[{"embeddable":true,"href":"https:\/\/www.romagastro.com\/it\/wp-json\/wp\/v2\/comments?post=8585"}],"version-history":[{"count":1,"href":"https:\/\/www.romagastro.com\/it\/wp-json\/wp\/v2\/pages\/8585\/revisions"}],"predecessor-version":[{"id":9942,"href":"https:\/\/www.romagastro.com\/it\/wp-json\/wp\/v2\/pages\/8585\/revisions\/9942"}],"up":[{"embeddable":true,"href":"https:\/\/www.romagastro.com\/it\/wp-json\/wp\/v2\/pages\/8522"}],"wp:attachment":[{"href":"https:\/\/www.romagastro.com\/it\/wp-json\/wp\/v2\/media?parent=8585"}],"curies":[{"name":"wp","href":"https:\/\/api.w.org\/{rel}","templated":true}]}}