{"id":8640,"date":"2019-10-02T09:10:31","date_gmt":"2019-10-02T07:10:31","guid":{"rendered":"https:\/\/www.romagastro.com\/?page_id=8640"},"modified":"2020-10-05T13:24:42","modified_gmt":"2020-10-05T11:24:42","slug":"junior","status":"publish","type":"page","link":"https:\/\/www.romagastro.com\/it\/reiniger\/junior\/","title":{"rendered":"JUNIOR"},"content":{"rendered":"<div id=\"dslc-theme-content\"><div id=\"dslc-theme-content-inner\"><div class=\"wpb-content-wrapper\"><p>[vc_row row_content_width=&#8221;grid&#8221;][vc_column offset=&#8221;vc_col-lg-6&#8243;][vc_column_text]<\/p>\n<h3><strong><span style=\"color: #b31119;\">Rauchreiniger \/ Russf\u00e4nger mit nat\u00fcrlichem Abzug<\/span><\/strong><\/h3>\n<p>[\/vc_column_text][vc_empty_space height=&#8221;2px&#8221;][vc_column_text]<\/p>\n<ul>\n<li>JUNIOR Reiniger, mit ihrem System vom Rauchwaschen senken bis zu 75% von den festen Partikelbestandteilen aus der Verbrennung der festen Brennstoffe wie Holz oder Kohle<\/li>\n<li>JUNIOR Reiniger sind Maschinen mit nat\u00fcrlichem Abzug auf Venturi-System und Aufpralllabyrinthe<\/li>\n<li>Sie k\u00f6nnen an allen Arten von \u00d6fen, Barbecues und Fleischgrills angebracht werden.<\/li>\n<li>Die Reinigungswirkung st\u00fctzt sich auf den Rauchdurchgang zu einer Abscheidungsglocke, wo das zerst\u00e4ubte Wasser die Partikelbestandteile auff\u00e4ngt. Das Wasser wird bis zum Zusammenprall in den Dekantierfiltern vor dem Ausgesto\u00dfen in dem Kamin kanalisiert.<\/li>\n<li>Schwebstaub wird im Wasser auf prozentualer Weise von spezifischen entfettenden Additiven addiert, um die Entnahme und die Emulsion gem\u00e4\u00df der Art von angeforderter Reinigung (Option auf Verlangen) zu gew\u00e4hrleisten.<\/li>\n<li>Die Reiniger reduzieren teilweise auch Unannehmlichkeitsger\u00fcche<\/li>\n<li>Der Maschinenbetrieb basiert am meisten auf Wasser, das automatisch betrieben und recycelt wird, um den Verbrauch zu mindern.<\/li>\n<li>Die Reiniger reinigen nicht nur den Rauch vor dem Auswerfen in Atmosph\u00e4re sondern sie haben auch eine exzellente Pr\u00e4ventivma\u00dfnahme gegen Br\u00e4nde der Rauchabz\u00fcge.<\/li>\n<li>Mindestwartungen<\/li>\n<\/ul>\n<p>[\/vc_column_text][vc_empty_space height=&#8221;42px&#8221;][\/vc_column][vc_column offset=&#8221;vc_col-lg-6&#8243; css=&#8221;.vc_custom_1569861477852{padding-right: 20% !important;padding-left: 20% !important;}&#8221;][vc_empty_space height=&#8221;46px&#8221;][vc_gallery type=&#8221;flexslider_slide&#8221; interval=&#8221;5&#8243; images=&#8221;8641&#8243; img_size=&#8221;large&#8221;][vc_empty_space height=&#8221;46px&#8221;]<a itemprop=\"url\" href=\"https:\/\/www.romagastro.com\/wp-content\/uploads\/2019\/10\/Daten-JUNIOR.pdf\" target=\"_blank\"  class=\"eltdf-btn eltdf-btn-medium eltdf-btn-solid eltdf-btn-icon\"  >\n    <span class=\"eltdf-btn-text\">Technische Daten<\/span>\n    <i class=\"eltdf-icon-font-awesome fa fa-file-pdf-o \" ><\/i><\/a>[\/vc_column][\/vc_row]<\/p>\n<\/div><\/div><\/div>","protected":false},"excerpt":{"rendered":"<p>[vc_row row_content_width=&#8221;grid&#8221;][vc_column offset=&#8221;vc_col-lg-6&#8243;][vc_column_text] Rauchreiniger \/ Russf\u00e4nger mit nat\u00fcrlichem Abzug [\/vc_column_text][vc_empty_space height=&#8221;2px&#8221;][vc_column_text] JUNIOR Reiniger, mit ihrem System vom Rauchwaschen senken bis zu 75% von den festen Partikelbestandteilen aus der Verbrennung der festen Brennstoffe wie Holz oder Kohle JUNIOR Reiniger sind Maschinen mit nat\u00fcrlichem Abzug auf Venturi-System [&hellip;]<\/p>\n","protected":false},"author":1,"featured_media":0,"parent":8615,"menu_order":0,"comment_status":"closed","ping_status":"closed","template":"","meta":{"footnotes":""},"class_list":["post-8640","page","type-page","status-publish","hentry"],"_links":{"self":[{"href":"https:\/\/www.romagastro.com\/it\/wp-json\/wp\/v2\/pages\/8640","targetHints":{"allow":["GET"]}}],"collection":[{"href":"https:\/\/www.romagastro.com\/it\/wp-json\/wp\/v2\/pages"}],"about":[{"href":"https:\/\/www.romagastro.com\/it\/wp-json\/wp\/v2\/types\/page"}],"author":[{"embeddable":true,"href":"https:\/\/www.romagastro.com\/it\/wp-json\/wp\/v2\/users\/1"}],"replies":[{"embeddable":true,"href":"https:\/\/www.romagastro.com\/it\/wp-json\/wp\/v2\/comments?post=8640"}],"version-history":[{"count":1,"href":"https:\/\/www.romagastro.com\/it\/wp-json\/wp\/v2\/pages\/8640\/revisions"}],"predecessor-version":[{"id":9955,"href":"https:\/\/www.romagastro.com\/it\/wp-json\/wp\/v2\/pages\/8640\/revisions\/9955"}],"up":[{"embeddable":true,"href":"https:\/\/www.romagastro.com\/it\/wp-json\/wp\/v2\/pages\/8615"}],"wp:attachment":[{"href":"https:\/\/www.romagastro.com\/it\/wp-json\/wp\/v2\/media?parent=8640"}],"curies":[{"name":"wp","href":"https:\/\/api.w.org\/{rel}","templated":true}]}}